{"id":43,"date":"2025-10-07T16:25:40","date_gmt":"2025-10-07T16:25:40","guid":{"rendered":"https:\/\/hydraction.org\/?page_id=43"},"modified":"2025-10-07T19:11:21","modified_gmt":"2025-10-07T19:11:21","slug":"qui-sommes-nous","status":"publish","type":"page","link":"https:\/\/hydraction.org\/?page_id=43","title":{"rendered":"Qui sommes-nous"},"content":{"rendered":"\n<p>Hydraction est une jeune soci\u00e9t\u00e9 avec d\u00e9j\u00e0 beaucoup d&#8217;exp\u00e9rience puisqu&#8217;elle rassemble des experts dans les solutions li\u00e9s au traitement de l&#8217;eau, \u00e0 sa r\u00e9utilisation et \u00e0 sa pr\u00e9servation. Nous vous accompagnons de l&#8217;audit \u00e0 la recherche de financement, de la conception \u00e0 la fabrication et de l&#8217;installation au suivi et \u00e0 la maintenance. Du sur-mesure parce que chaque projet est unique.<\/p>\n\n\n\n<p>A la gen\u00e8se de ce projet, des constats alarmants : Pourquoi utiliser de l&#8217;eau potable dans les toilettes (voir notre projet pionnier en France de r\u00e9cup\u00e9ration des eaux des salles de bain d&#8217;un immeuble pour alimenter les toilettes et arroser les espaces verts). Pourquoi utiliser de l&#8217;eau potable dans la majorit\u00e9 des villes pour laver la rue ? Comment prot\u00e9ger une commune d&#8217;une p\u00e9nurie d&#8217;eau potable suite \u00e0 une catastrophe naturelle ou au d\u00e9r\u00e8glement climatique (voir notre machine mobile d&#8217;eau potable \u00e0 destination des communaut\u00e9s de communes), comment aider agriculteurs et industriels \u00e0 mieux traiter leurs eaux et \u00e0 moins en pr\u00e9lever ? (voir le projet d&#8217;assainissement dans un domaine viticole dans le Vaucluse). En plus de trouver des solutions sur-mesures, nous pensons avoir un devoir d&#8217;information et de pr\u00e9vention au pr\u00e8s des \u00e9lus, citoyens, \u00e9l\u00e8ves, industriels, m\u00e9dias,&#8230; ce qui nous a motiv\u00e9 \u00e0 cr\u00e9er un p\u00f4le de sensibilisation. <\/p>\n\n\n\n<div style=\"height:100px\" aria-hidden=\"true\" class=\"wp-block-spacer\"><\/div>\n\n\n\n<p><strong>Notre \u00e9cosyst\u00e8me<\/strong> \/ nos partenaires<\/p>\n\n\n\n<div class=\"wp-block-columns is-layout-flex wp-container-core-columns-is-layout-9d6595d7 wp-block-columns-is-layout-flex\">\n<div class=\"wp-block-column is-layout-flow wp-block-column-is-layout-flow\"><div class=\"wp-block-image\">\n<figure class=\"aligncenter size-large\"><img loading=\"lazy\" decoding=\"async\" width=\"1024\" height=\"1024\" src=\"https:\/\/hydraction.org\/wp-content\/uploads\/2025\/10\/Logo-BIOMETIC-1-1024x1024.png\" alt=\"\" class=\"wp-image-45\" srcset=\"https:\/\/hydraction.org\/wp-content\/uploads\/2025\/10\/Logo-BIOMETIC-1-1024x1024.png 1024w, https:\/\/hydraction.org\/wp-content\/uploads\/2025\/10\/Logo-BIOMETIC-1-300x300.png 300w, https:\/\/hydraction.org\/wp-content\/uploads\/2025\/10\/Logo-BIOMETIC-1-150x150.png 150w, https:\/\/hydraction.org\/wp-content\/uploads\/2025\/10\/Logo-BIOMETIC-1-768x768.png 768w, https:\/\/hydraction.org\/wp-content\/uploads\/2025\/10\/Logo-BIOMETIC-1-100x100.png 100w, https:\/\/hydraction.org\/wp-content\/uploads\/2025\/10\/Logo-BIOMETIC-1.png 1215w\" sizes=\"auto, (max-width: 767px) 89vw, (max-width: 1000px) 54vw, (max-width: 1071px) 543px, 580px\" \/><figcaption class=\"wp-element-caption\">BIOMETIC &#8211; Assainissement et phyto\u00e9puration<\/figcaption><\/figure>\n<\/div><\/div>\n\n\n\n<div class=\"wp-block-column is-vertically-aligned-center is-layout-flow wp-block-column-is-layout-flow\"><div class=\"wp-block-image\">\n<figure class=\"aligncenter size-full\"><img loading=\"lazy\" decoding=\"async\" width=\"375\" height=\"135\" src=\"https:\/\/hydraction.org\/wp-content\/uploads\/2025\/10\/logo_Intewa.png\" alt=\"\" class=\"wp-image-47\" srcset=\"https:\/\/hydraction.org\/wp-content\/uploads\/2025\/10\/logo_Intewa.png 375w, https:\/\/hydraction.org\/wp-content\/uploads\/2025\/10\/logo_Intewa-300x108.png 300w\" sizes=\"auto, (max-width: 375px) 100vw, 375px\" \/><figcaption class=\"wp-element-caption\">Intewa &#8211; Fabricant europ\u00e9en <\/figcaption><\/figure>\n<\/div><\/div>\n\n\n\n<div class=\"wp-block-column is-vertically-aligned-center is-layout-flow wp-block-column-is-layout-flow\">\n<figure class=\"wp-block-image size-full\"><img loading=\"lazy\" decoding=\"async\" width=\"728\" height=\"266\" src=\"https:\/\/hydraction.org\/wp-content\/uploads\/2025\/10\/Logo-Logwater-Truck.png\" alt=\"Logwater\" class=\"wp-image-52\" srcset=\"https:\/\/hydraction.org\/wp-content\/uploads\/2025\/10\/Logo-Logwater-Truck.png 728w, https:\/\/hydraction.org\/wp-content\/uploads\/2025\/10\/Logo-Logwater-Truck-300x110.png 300w\" sizes=\"auto, (max-width: 728px) 100vw, 728px\" \/><figcaption class=\"wp-element-caption\">Logwater &#8211; De l&#8217;eau pour tous, partout<\/figcaption><\/figure>\n<\/div>\n<\/div>\n\n\n\n<h2 class=\"wp-block-heading\"><strong>Nos domaines de comp\u00e9tence<\/strong> (R\u00e9duire &#8211; Recycler &#8211; R\u00e9utiliser)<\/h2>\n\n\n\n<p><strong>Les EAUX INDUSTRIELLES <br><\/strong>Nous intervenons sur l&#8217;eau de process (ex : pr\u00e9paration, transformation et conservation), eau de nettoyage, eau ingr\u00e9dient (ex: aliment ou boisson), utiltaires (chaufferie, refroidissement), eaux pluviales, eaux sanitaires mais aussi la STEP qui retraite ces eaux avant de les rejeter.<\/p>\n\n\n\n<p>Vous \u00eates un <strong>industriel<\/strong> de tout secteur, un <strong>agriculteur<\/strong> ou un <strong>vigneron<\/strong> ? T\u00e9l\u00e9chargez notre d\u00e9pliant et contactez nous pour d\u00e9couvrir ce que nous pouvons vous apporter : audit, recherche de financement, conception, fabrication ou sourcing, installation, suivi et maintenance avec budget clair et ROI, le tout sans interruption de votre activit\u00e9.<\/p>\n\n\n\n<p><strong>Les EAUX GRISES et les EAUX PLUVIALES<br><\/strong>Nous collectons les eaux des salles de bain et des toitures, les traitons par jardin de phyto\u00e9puration ou bio-r\u00e9acteur \u00e0 membranes avant de les r\u00e9utiliser pour alimenter les chasses d&#8217;eau, arroser les espaces verts et laver les parties communes<\/p>\n\n\n\n<p>Vous \u00eates un <strong>promoteur immobilier<\/strong>, responsable d&#8217;un <strong>camping<\/strong> ou d&#8217;un <strong>hot\u00eal\/spa<\/strong>, d\u00e9couvrez comment on peut vous aider \u00e0 financer votre projet et vous accompagner \u00e0 chaque \u00e9tape de la conception \u00e0 la r\u00e9alisation d&#8217;une solution sur-mesure. T\u00e9l\u00e9chargez notre d\u00e9pliant ici et contactez nous.<\/p>\n\n\n\n<p><strong>L&#8217;EAU POTABLE<\/strong><br>Nous avons con\u00e7u des syt\u00e8mes mobiles de potabilisation, permettant de prendre de l&#8217;eau brute (eau de rivi\u00e8res, de puits, de mer,&#8230;) et de la potabiliser sur place. Cette solution est principalement destin\u00e9e aux <strong>ONG<\/strong> et <strong>communaut\u00e9s de communes<\/strong>.<\/p>\n\n\n\n<p><strong>La SENSIBILISATION<br><\/strong>Suivez nos r\u00e9seaux sociaux ou contactez nous pour conna\u00eetre nos prochaines dates pr\u00e8s de chez vous. Convaincu que l&#8217;information et la sensibilisation sont essentielles, nous r\u00e9pondons r\u00e9guli\u00e8rement aux appels de <strong>m\u00e9dias<\/strong>, <strong>\u00e9coles<\/strong>, <strong>\u00e9lus<\/strong> pour partager notre savoir et r\u00e9fl\u00e9chir ensemble \u00e0 la pr\u00e9servation de la ressource en eau.<\/p>\n","protected":false},"excerpt":{"rendered":"<p>Hydraction est une jeune soci\u00e9t\u00e9 avec d\u00e9j\u00e0 beaucoup d&#8217;exp\u00e9rience puisqu&#8217;elle rassemble des experts dans les solutions li\u00e9s au traitement de l&#8217;eau, \u00e0 sa r\u00e9utilisation et \u00e0 sa pr\u00e9servation. Nous vous accompagnons de l&#8217;audit \u00e0 la recherche de financement, de la conception \u00e0 la fabrication et de l&#8217;installation au suivi et \u00e0 la maintenance. Du sur-mesure &hellip; <\/p>\n<p class=\"link-more\"><a href=\"https:\/\/hydraction.org\/?page_id=43\" class=\"more-link\">Continue reading<span class=\"screen-reader-text\"> &#8220;Qui sommes-nous&#8221;<\/span><\/a><\/p>\n","protected":false},"author":1,"featured_media":59,"parent":0,"menu_order":0,"comment_status":"closed","ping_status":"closed","template":"","meta":{"footnotes":""},"class_list":["post-43","page","type-page","status-publish","has-post-thumbnail","hentry"],"_links":{"self":[{"href":"https:\/\/hydraction.org\/index.php?rest_route=\/wp\/v2\/pages\/43","targetHints":{"allow":["GET"]}}],"collection":[{"href":"https:\/\/hydraction.org\/index.php?rest_route=\/wp\/v2\/pages"}],"about":[{"href":"https:\/\/hydraction.org\/index.php?rest_route=\/wp\/v2\/types\/page"}],"author":[{"embeddable":true,"href":"https:\/\/hydraction.org\/index.php?rest_route=\/wp\/v2\/users\/1"}],"replies":[{"embeddable":true,"href":"https:\/\/hydraction.org\/index.php?rest_route=%2Fwp%2Fv2%2Fcomments&post=43"}],"version-history":[{"count":6,"href":"https:\/\/hydraction.org\/index.php?rest_route=\/wp\/v2\/pages\/43\/revisions"}],"predecessor-version":[{"id":101,"href":"https:\/\/hydraction.org\/index.php?rest_route=\/wp\/v2\/pages\/43\/revisions\/101"}],"wp:featuredmedia":[{"embeddable":true,"href":"https:\/\/hydraction.org\/index.php?rest_route=\/wp\/v2\/media\/59"}],"wp:attachment":[{"href":"https:\/\/hydraction.org\/index.php?rest_route=%2Fwp%2Fv2%2Fmedia&parent=43"}],"curies":[{"name":"wp","href":"https:\/\/api.w.org\/{rel}","templated":true}]}}